{"id":23,"date":"2020-02-07T01:29:07","date_gmt":"2020-02-07T00:29:07","guid":{"rendered":"https:\/\/westiesbesties.pl\/?page_id=23"},"modified":"2020-02-24T02:10:54","modified_gmt":"2020-02-24T01:10:54","slug":"wzorzec-rasy","status":"publish","type":"page","link":"https:\/\/westiesbesties.pl\/en\/wzorzec-rasy\/","title":{"rendered":"BREED PATTERN"},"content":{"rendered":"<p>[et_pb_section fb_built=&#8221;1&#8243; custom_padding_last_edited=&#8221;on|phone&#8221; admin_label=&#8221;Header&#8221; _builder_version=&#8221;3.26.1&#8243; background_color=&#8221;#efebdc&#8221; background_image=&#8221;https:\/\/westiesbesties.pl\/wp-content\/uploads\/2020\/02\/dog-walker-39.png&#8221; background_size=&#8221;contain&#8221; background_position=&#8221;bottom_center&#8221; overflow-x=&#8221;hidden&#8221; overflow-y=&#8221;hidden&#8221; custom_padding=&#8221;||0vw||false|false&#8221; custom_padding_tablet=&#8221;&#8221; custom_padding_phone=&#8221;||80px||false|false&#8221;][et_pb_row column_structure=&#8221;1_2,1_2&#8243; _builder_version=&#8221;3.26.1&#8243;][et_pb_column type=&#8221;1_2&#8243; _builder_version=&#8221;3.26&#8243;][et_pb_text _builder_version=&#8221;4.3&#8243; text_font=&#8221;Amatic SC|700|||||||&#8221; text_font_size=&#8221;25px&#8221; text_line_height=&#8221;1.8em&#8221; header_font=&#8221;Amatic SC|700|||||||&#8221; header_font_size=&#8221;130px&#8221; header_line_height=&#8221;1.2em&#8221; text_font_size_tablet=&#8221;&#8221; text_font_size_phone=&#8221;22px&#8221; text_font_size_last_edited=&#8221;on|desktop&#8221; header_font_size_tablet=&#8221;80px&#8221; header_font_size_phone=&#8221;60px&#8221; header_font_size_last_edited=&#8221;on|phone&#8221;]<\/p>\n<h1>BREED PATTERN<\/h1>\n<p><b>Breed pattern<\/b><span>\u00a0- a set of characteristics that a breeding animal should fulfill in order to be included in a given\u00a0<\/span><b>breed<\/b><\/p>\n<p>[\/et_pb_text][et_pb_social_media_follow _builder_version=&#8221;4.3&#8243; custom_margin=&#8221;5vw||||false|false&#8221; hover_enabled=&#8221;0&#8243; border_radii=&#8221;on|50px|50px|50px|50px&#8221; border_width_all=&#8221;10px&#8221; border_color_all=&#8221;rgba(0,0,0,0)&#8221;][et_pb_social_media_follow_network social_network=&#8221;facebook&#8221; url=&#8221;https:\/\/www.facebook.com\/Westies-Besties-Hodowla-FCI-West-Highland-White-Terrier-107409317515771\/&#8221; _builder_version=&#8221;4.3&#8243; background_color=&#8221;#ee6a5b&#8221; background_enable_color=&#8221;on&#8221; follow_button=&#8221;off&#8221; url_new_window=&#8221;on&#8221;]facebook[\/et_pb_social_media_follow_network][\/et_pb_social_media_follow][\/et_pb_column][et_pb_column type=&#8221;1_2&#8243; _builder_version=&#8221;3.26&#8243;][et_pb_image align=&#8221;right&#8221; align_tablet=&#8221;&#8221; align_phone=&#8221;left&#8221; align_last_edited=&#8221;on|desktop&#8221; _builder_version=&#8221;4.3&#8243; transform_scale_tablet=&#8221;&#8221; transform_scale_phone=&#8221;100%|100%&#8221; transform_scale_last_edited=&#8221;on|phone&#8221; transform_translate=&#8221;0px|53px&#8221; transform_translate_tablet=&#8221;&#8221; transform_translate_phone=&#8221;&#8221; transform_translate_last_edited=&#8221;on|desktop&#8221; transform_translate_linked_tablet=&#8221;off&#8221; transform_rotate=&#8221;0deg|0deg|-15deg&#8221; transform_rotate_tablet=&#8221;&#8221; transform_rotate_phone=&#8221;0deg|0deg|0deg&#8221; transform_rotate_last_edited=&#8221;on|desktop&#8221; transform_skew_tablet=&#8221;&#8221; transform_skew_phone=&#8221;&#8221; transform_skew_last_edited=&#8221;on|desktop&#8221; transform_origin=&#8221;-30%|35%&#8221; transform_origin_tablet=&#8221;&#8221; transform_origin_phone=&#8221;&#8221; transform_origin_last_edited=&#8221;on|desktop&#8221; transform_styles_last_edited=&#8221;on|phone&#8221; max_width_tablet=&#8221;70%&#8221; max_width_phone=&#8221;100%&#8221; max_width_last_edited=&#8221;on|phone&#8221; custom_margin=&#8221;-6vw|-10vw|||false|false&#8221; custom_margin_tablet=&#8221;||||false|false&#8221; custom_margin_phone=&#8221;&#8221; custom_margin_last_edited=&#8221;on|desktop&#8221; animation_style=&#8221;slide&#8221; animation_direction=&#8221;right&#8221; animation_intensity_slide=&#8221;5%&#8221; transform_styles_tablet=&#8221;&#8221; transform_styles_phone=&#8221;&#8221; border_radii=&#8221;on|12vw|12vw|12vw|12vw&#8221; border_width_all=&#8221;6vw&#8221; border_color_all=&#8221;#e0dbc9&#8243; box_shadow_style=&#8221;preset3&#8243; box_shadow_blur=&#8221;10vw&#8221;][\/et_pb_image][\/et_pb_column][\/et_pb_row][\/et_pb_section][et_pb_section fb_built=&#8221;1&#8243; admin_label=&#8221;About&#8221; _builder_version=&#8221;3.26.1&#8243; background_color=&#8221;#efebdc&#8221; custom_padding=&#8221;0px||0px||false|false&#8221; bottom_divider_style=&#8221;waves&#8221; bottom_divider_color=&#8221;#faf9f4&#8243; bottom_divider_height=&#8221;7vw&#8221;][et_pb_row make_equal=&#8221;on&#8221; _builder_version=&#8221;4.3&#8243; background_enable_image=&#8221;off&#8221;][et_pb_column type=&#8221;4_4&#8243; _builder_version=&#8221;3.26&#8243; background_enable_image=&#8221;off&#8221; background_size=&#8221;contain&#8221; background_position=&#8221;bottom_center&#8221;][et_pb_text _builder_version=&#8221;4.3&#8243; header_2_font=&#8221;Amatic SC|700|||||||&#8221; header_2_font_size=&#8221;80px&#8221; header_2_line_height=&#8221;1.2em&#8221; transform_translate=&#8221;-1px|-16px&#8221; hover_enabled=&#8221;0&#8243; header_2_font_size_tablet=&#8221;60px&#8221; header_2_font_size_phone=&#8221;32px&#8221; header_2_font_size_last_edited=&#8221;on|phone&#8221;]<\/p>\n<h2><span>FCI Standard nr 85<\/span><\/h2>\n<p>[\/et_pb_text][et_pb_accordion closed_toggle_background_color=&#8221;#ffffff&#8221; _builder_version=&#8221;4.3&#8243; toggle_font=&#8221;Amatic SC|700|||||||&#8221; toggle_font_size=&#8221;30px&#8221; toggle_line_height=&#8221;1.9em&#8221; body_font_size=&#8221;16px&#8221; body_line_height=&#8221;1.5em&#8221; transform_scale=&#8221;90%|90%&#8221; transform_translate=&#8221;-40px|-70px&#8221; transform_translate_linked=&#8221;off&#8221; text_orientation=&#8221;justified&#8221; custom_margin=&#8221;1px|-89px||||&#8221; border_radii=&#8221;on|10px|10px|10px|10px&#8221; border_width_all=&#8221;0px&#8221; box_shadow_style=&#8221;preset3&#8243; box_shadow_vertical=&#8221;15px&#8221; box_shadow_blur=&#8221;45px&#8221; box_shadow_spread=&#8221;-25px&#8221; box_shadow_color=&#8221;rgba(0,0,0,0.15)&#8221;][et_pb_accordion_item title=&#8221;Kraj Pochodzenia i Klasyfikacja&#8221; open=&#8221;on&#8221; _builder_version=&#8221;4.3&#8243; transform_translate_linked=&#8221;off&#8221;]<\/p>\n<p><strong>Country of origin: Great Britain<\/strong><\/p>\n<p><strong>Date of publication of the current breed pattern: 24.06.1987<\/strong><\/p>\n<p><strong>FCI classification: group 3 - terriers, section 2 - small terriers. Attempts at work are not required.<\/strong><\/p>\n<p>[\/et_pb_accordion_item][et_pb_accordion_item title=&#8221;Wygl\u0105d Og\u00f3lny&#8221; _builder_version=&#8221;4.3&#8243; open=&#8221;off&#8221;]<\/p>\n<p>&nbsp;<\/p>\n<p><strong>Strongly built. Deep chest and far back reaching the last ribs. Straight back. Strong forelegs, hind legs are muscular, which clearly affects mobility and energetic gait.<\/strong><\/p>\n<p>[\/et_pb_accordion_item][et_pb_accordion_item title=&#8221; Zachowanie i Charakter&#8221; _builder_version=&#8221;4.3&#8243; open=&#8221;off&#8221;]<\/p>\n<p><strong>Small, vigorous, active, endowed with some self-love, simple in dealing, a little tricky. Lively, cheerful, brave, arbitrary, but cordial.<\/strong><\/p>\n<p>[\/et_pb_accordion_item][et_pb_accordion_item title=&#8221;G\u0142owa&#8221; _builder_version=&#8221;4.3&#8243; open=&#8221;off&#8221;]<\/p>\n<p style=\"text-align: justify;\"><strong>The length of the skull, measured from the occipital tumor to the eyes, is slightly larger than the length of the muzzle. The head is covered with thick hair, kept at a right angle or slightly smaller to the axis of the neck, it should not be worn as if it was stretched forward. Skull slightly arched. The leading party should have a soft outline. It narrows only slightly from the base of the ears towards the eyes. The marked stop is made of prominent supraorbital arches and a slight depression between the eyes.<\/strong><\/p>\n<p>[\/et_pb_accordion_item][et_pb_accordion_item title=&#8221;Trzewioczaszka&#8221; _builder_version=&#8221;4.3&#8243; open=&#8221;off&#8221;]<\/p>\n<p><strong>Black nose truffle, quite large, nothing protrudes too far and fits the whole.<\/strong><\/p>\n<p>[\/et_pb_accordion_item][et_pb_accordion_item title=&#8221;Kufa&#8221; _builder_version=&#8221;4.3&#8243; open=&#8221;off&#8221;]<\/p>\n<p><strong>It narrows gradually from the eyes to the tip of the nose, is not sunken, does not break sharply under the eyes, where it has its volume.<\/strong><\/p>\n<p>[\/et_pb_accordion_item][et_pb_accordion_item title=&#8221;Uz\u0119bienie&#8221; _builder_version=&#8221;4.3&#8243; open=&#8221;off&#8221;]<\/p>\n<p><strong>The jaw is strong, the same length and width, because the fangs are significantly spaced, which affects the breed's wicked expression. For a dog of this size, the teeth are strong and large, in scissor bite, that is, the incisors of the jaw cover the incisors of the jaw with close contact and are positioned vertically.<\/strong><\/p>\n<p>[\/et_pb_accordion_item][et_pb_accordion_item title=&#8221;Oczy&#8221; _builder_version=&#8221;4.3&#8243; open=&#8221;off&#8221;]<\/p>\n<p><strong>Set wide apart, medium in size, they should not be round as dark as possible. Slightly sunken under generous eyebrows, with a lively, intelligent expression and penetrating gaze. Light eyes are a very serious drawback.<\/strong><\/p>\n<p>[\/et_pb_accordion_item][et_pb_accordion_item title=&#8221;Uszy&#8221; _builder_version=&#8221;4.3&#8243; open=&#8221;off&#8221;]<\/p>\n<p><strong>Small, standing with pointed tips. They cannot be too sideways apart or too close together. They are covered with short and smooth (velvet) hair, which does not require shortening. Ears should not be covered with long, fringed hair at the top. Wide with rounded tips, large, with thick cartilage, as well as ears with abundant hair, are highly undesirable.<\/strong><\/p>\n<p>[\/et_pb_accordion_item][et_pb_accordion_item title=&#8221;Szyja&#8221; _builder_version=&#8221;4.3&#8243; open=&#8221;off&#8221;]<\/p>\n<p><strong>Long enough to lift the head properly, muscular, gradually expands at the base and blends into the obliquely arranged shoulder blades.<\/strong><\/p>\n<p>[\/et_pb_accordion_item][et_pb_accordion_item title=&#8221;Tu\u0142\u00f3w&#8221; _builder_version=&#8221;4.3&#8243; open=&#8221;off&#8221;]<\/p>\n<p><strong>Compact. Straight back. Loins: Broad and strong. The chest is deep, the ribs well arched in their upper part, they become slightly flattened on the sides<\/strong><\/p>\n<p><strong>Back ribs (supposed) are long and the distance between the last and the hips (weakness) is short. This does not affect freedom of movement.<\/strong><\/p>\n<p>[\/et_pb_accordion_item][et_pb_accordion_item title=&#8221;Ogon&#8221; _builder_version=&#8221;4.3&#8243; open=&#8221;off&#8221;]<\/p>\n<p><strong>12.5-15 cm long, covered with hard hair, without fringes, as straight as possible, kept upright, cannot be curled over the back. The long tail is defective and can never be shortened.<\/strong><\/p>\n<p>[\/et_pb_accordion_item][et_pb_accordion_item title=&#8221;Ko\u0144czyny&#8221; _builder_version=&#8221;4.3&#8243; open=&#8221;off&#8221;]<\/p>\n<p><strong>Forelegs short and muscular, straight, covered with short, rough and dense fur. Shoulders set obliquely, broad, close to the chest.<\/strong><\/p>\n<p><strong>The shoulder (shoulder) joint is clearly extended forward (prominent forechest). The elbows are positioned so as to allow free movement of the forelegs, moving parallel to the torso axis. Hindlegs viewed from above, muscular and broad, entirely short with strong tendons. Thighs strongly muscled, not too wide apart. The joints are well angulated and well positioned under the torso. When the dog is standing or moving, the heels are fairly close together. Vertical or weak hocks are a serious drawback. forelegs are larger than hindlegs. Round, proportional, strong with thick pads. The paws are covered with hard, short fur. The pads and nails should be black.<\/strong><\/p>\n<p>[\/et_pb_accordion_item][et_pb_accordion_item title=&#8221;Ruch&#8221; _builder_version=&#8221;4.3&#8243; open=&#8221;off&#8221;]<\/p>\n<p><strong>It should be efficient and free, and the legs, starting from the shoulder blades, put straight forward. The hind legs are flexible in the ankles and knees and dynamically follow the forelegs. Hocks joint under the torso to give impulse (pushing). Stiff gaits and cow's posture are highly undesirable.<\/strong><\/p>\n<p>[\/et_pb_accordion_item][et_pb_accordion_item title=&#8221;Pokrywa W\u0142osowa&#8221; _builder_version=&#8221;4.3&#8243; open=&#8221;off&#8221;]<\/p>\n<p><strong>Two types of hair. The ground cover is about 5 cm long, hard, with no trace of curling. Rare coat is defective. The undercoat is short, soft and dense. White coat.<\/strong><\/p>\n<p>[\/et_pb_accordion_item][et_pb_accordion_item title=&#8221;Wzrost&#8221; _builder_version=&#8221;4.3&#8243; open=&#8221;off&#8221;]<\/p>\n<p><strong>Height at the withers about 28 cm.<\/strong><\/p>\n<p>[\/et_pb_accordion_item][et_pb_accordion_item title=&#8221;Wady&#8221; _builder_version=&#8221;4.3&#8243; open=&#8221;off&#8221;]<\/p>\n<p><strong>Any deviations from the above standard are treated as defects and evaluated according to the degree of deviation.<\/strong><\/p>\n<p>[\/et_pb_accordion_item][et_pb_accordion_item title=&#8221;Uwaga!&#8221; _builder_version=&#8221;4.3&#8243; open=&#8221;off&#8221;]<\/p>\n<p><strong>Males must have two normally developed testicles located in the scrotum.<\/strong><\/p>\n<p>[\/et_pb_accordion_item][et_pb_accordion_item title=&#8221;\u0179r\u00f3d\u0142o&#8221; _builder_version=&#8221;4.3&#8243; open=&#8221;off&#8221;]<\/p>\n<p><strong>E.Chwalib\u00f3g, &#8222;Grupa III. Teriery. Wzorce ras&#8221;, Warszawa 2000r, Klub Teriera przy ZG ZKWP<\/strong><\/p>\n<p>[\/et_pb_accordion_item][\/et_pb_accordion][\/et_pb_column][\/et_pb_row][et_pb_row _builder_version=&#8221;4.3&#8243;][et_pb_column type=&#8221;4_4&#8243; _builder_version=&#8221;4.3&#8243;][et_pb_gallery gallery_ids=&#8221;197,151,261,215&#8243; show_title_and_caption=&#8221;off&#8221; _builder_version=&#8221;4.3&#8243; border_radii_image=&#8221;on|20px|20px|20px|20px&#8221;][\/et_pb_gallery][\/et_pb_column][\/et_pb_row][\/et_pb_section][et_pb_section fb_built=&#8221;1&#8243; admin_label=&#8221;About&#8221; _builder_version=&#8221;3.26.1&#8243; use_background_color_gradient=&#8221;on&#8221; background_color_gradient_start=&#8221;#faf9f4&#8243; background_color_gradient_end=&#8221;#f6f3ea&#8221; custom_padding=&#8221;||||false|false&#8221;][et_pb_row _builder_version=&#8221;3.26&#8243;][et_pb_column type=&#8221;4_4&#8243; _builder_version=&#8221;3.26&#8243;][et_pb_text _builder_version=&#8221;4.3&#8243; header_2_font=&#8221;Amatic SC|700|||||||&#8221; header_2_font_size=&#8221;80px&#8221; header_2_line_height=&#8221;1.2em&#8221; text_orientation=&#8221;center&#8221; header_2_font_size_tablet=&#8221;60px&#8221; header_2_font_size_phone=&#8221;32px&#8221; header_2_font_size_last_edited=&#8221;on|phone&#8221;]<\/p>\n<h2>Westies Besties<\/h2>\n<p>[\/et_pb_text][\/et_pb_column][\/et_pb_row][et_pb_row custom_padding_last_edited=&#8221;on|desktop&#8221; _builder_version=&#8221;3.26.1&#8243; background_color=&#8221;#ffffff&#8221; width_tablet=&#8221;&#8221; width_phone=&#8221;90%&#8221; width_last_edited=&#8221;on|desktop&#8221; overflow-x=&#8221;visible&#8221; overflow-y=&#8221;visible&#8221; custom_padding=&#8221;60px|40px|60px|40px|true|true&#8221; custom_padding_tablet=&#8221;&#8221; custom_padding_phone=&#8221;|30px||30px|false|true&#8221; border_radii=&#8221;on|40px|40px|40px|40px&#8221; box_shadow_style=&#8221;preset3&#8243; box_shadow_horizontal=&#8221;16px&#8221; box_shadow_vertical=&#8221;16px&#8221; box_shadow_blur=&#8221;48px&#8221; box_shadow_spread=&#8221;-8px&#8221; box_shadow_color=&#8221;rgba(0,0,0,0.19)&#8221; locked=&#8221;off&#8221;][et_pb_column type=&#8221;4_4&#8243; _builder_version=&#8221;3.25.3&#8243;][et_pb_text _builder_version=&#8221;4.3&#8243; text_font=&#8221;||||||||&#8221; text_font_size=&#8221;15px&#8221; text_line_height=&#8221;2em&#8221; header_font=&#8221;||||||||&#8221; header_2_font=&#8221;Amatic SC|700|||||||&#8221; header_2_font_size=&#8221;42px&#8221; header_2_line_height=&#8221;1.2em&#8221; text_orientation=&#8221;center&#8221; module_alignment=&#8221;center&#8221; text_font_size_tablet=&#8221;&#8221; text_font_size_phone=&#8221;16px&#8221; text_font_size_last_edited=&#8221;on|desktop&#8221; header_2_font_size_tablet=&#8221;&#8221; header_2_font_size_phone=&#8221;32px&#8221; header_2_font_size_last_edited=&#8221;on|desktop&#8221;]<\/p>\n<p style=\"text-align: justify;\"><strong>Small Westie<\/strong> with his funny expression on his mouth and strongly marked self-awareness is a unique dog. Originally used for hunting weasels and foxes, today it is primarily a friendly companion dog. In family life he is a perfect companion for both children and adults<\/p>\n<p>[\/et_pb_text][\/et_pb_column][\/et_pb_row][\/et_pb_section][et_pb_section fb_built=&#8221;1&#8243; admin_label=&#8221;Footer&#8221; _builder_version=&#8221;3.26&#8243; use_background_color_gradient=&#8221;on&#8221; background_color_gradient_start=&#8221;#f6f3ea&#8221; background_color_gradient_end=&#8221;#f4f1e7&#8243; custom_padding=&#8221;||0px||false|false&#8221;][et_pb_row custom_padding_last_edited=&#8221;on|desktop&#8221; _builder_version=&#8221;3.26&#8243; background_color=&#8221;#efebdc&#8221; width=&#8221;90%&#8221; width_tablet=&#8221;95%&#8221; width_phone=&#8221;&#8221; width_last_edited=&#8221;on|desktop&#8221; max_width=&#8221;none&#8221; module_alignment=&#8221;right&#8221; overflow-x=&#8221;visible&#8221; overflow-y=&#8221;visible&#8221; custom_padding=&#8221;60px|10vw|5vw|40px|false|false&#8221; custom_padding_tablet=&#8221;|40px|||false|false&#8221; custom_padding_phone=&#8221;&#8221; border_radii=&#8221;|200px|||&#8221; border_radii_tablet=&#8221;|0px|||&#8221; border_radii_phone=&#8221;&#8221; border_radii_last_edited=&#8221;on|tablet&#8221;][et_pb_column type=&#8221;4_4&#8243; _builder_version=&#8221;3.26&#8243;][et_pb_text _builder_version=&#8221;4.3&#8243; text_font=&#8221;||||||||&#8221; text_font_size=&#8221;16px&#8221; text_line_height=&#8221;1.8em&#8221; header_font=&#8221;||||||||&#8221; header_2_font=&#8221;Amatic SC|700|||||||&#8221; header_2_font_size=&#8221;80px&#8221; header_2_line_height=&#8221;1.2em&#8221; text_orientation=&#8221;center&#8221; max_width=&#8221;700px&#8221; module_alignment=&#8221;center&#8221; header_2_font_size_tablet=&#8221;60px&#8221; header_2_font_size_phone=&#8221;32px&#8221; header_2_font_size_last_edited=&#8221;on|phone&#8221;]<\/p>\n<h2>Dog shows of our pets<\/h2>\n<p>[\/et_pb_text][et_pb_button button_url=&#8221;https:\/\/westiesbesties.pl\/wystawy&#8221; button_text=&#8221;Zobacz Wystawy&#8221; button_alignment=&#8221;center&#8221; _builder_version=&#8221;4.3&#8243; custom_button=&#8221;on&#8221; button_text_size=&#8221;18px&#8221; button_bg_color=&#8221;#ee6a5b&#8221; button_border_color=&#8221;rgba(0,0,0,0)&#8221; button_border_radius=&#8221;50px&#8221; button_font=&#8221;|700|||||||&#8221; button_icon=&#8221;%%3%%&#8221; background_layout=&#8221;dark&#8221; custom_padding=&#8221;15px|40px|15px|40px|true|true&#8221;][\/et_pb_button][\/et_pb_column][\/et_pb_row][et_pb_row column_structure=&#8221;3_5,2_5&#8243; custom_padding_last_edited=&#8221;on|desktop&#8221; _builder_version=&#8221;3.26&#8243; background_color=&#8221;#efebdc&#8221; background_image=&#8221;https:\/\/westiesbesties.pl\/wp-content\/uploads\/2020\/02\/dog-walker-11.png&#8221; background_size=&#8221;contain&#8221; background_position=&#8221;bottom_center&#8221; width=&#8221;90%&#8221; width_tablet=&#8221;95%&#8221; width_phone=&#8221;&#8221; width_last_edited=&#8221;on|desktop&#8221; max_width=&#8221;none&#8221; module_alignment=&#8221;right&#8221; custom_padding=&#8221;60px|10vw|5vw|40px|false|false&#8221; custom_padding_tablet=&#8221;|40px|||false|false&#8221; custom_padding_phone=&#8221;&#8221; border_radii_tablet=&#8221;|0px|||&#8221; border_radii_last_edited=&#8221;off|tablet&#8221;][et_pb_column type=&#8221;3_5&#8243; _builder_version=&#8221;3.26&#8243;][et_pb_image src=&#8221;https:\/\/westiesbesties.pl\/wp-content\/uploads\/2020\/02\/111.jpg&#8221; _builder_version=&#8221;4.3&#8243;][\/et_pb_image][\/et_pb_column][et_pb_column type=&#8221;2_5&#8243; _builder_version=&#8221;3.26&#8243;][et_pb_text _builder_version=&#8221;4.3&#8243; text_font=&#8221;||||||||&#8221; text_font_size=&#8221;15px&#8221; text_line_height=&#8221;1.8em&#8221; header_font=&#8221;||||||||&#8221; header_3_font=&#8221;Amatic SC|700|||||||&#8221; header_3_text_color=&#8221;#ee6a5b&#8221; header_3_font_size=&#8221;40px&#8221; header_3_line_height=&#8221;1.2em&#8221; transform_translate_linked=&#8221;off&#8221; custom_margin=&#8221;60px||&#8221; custom_padding=&#8221;|29px||||&#8221;]<\/p>\n<h3>Contact us\u00a0<\/h3>\n<p>If you have any questions or would like to buy a dog, please contact us by phone or email. (For English speakers: Before calling us please write an email or private message on Facebook)<\/p>\n<p>[\/et_pb_text][et_pb_text _builder_version=&#8221;4.3&#8243; text_font=&#8221;|700|||||||&#8221; text_font_size=&#8221;16px&#8221; text_line_height=&#8221;1.8em&#8221; header_font=&#8221;||||||||&#8221; header_3_font=&#8221;|800||on|||||&#8221; header_3_font_size=&#8221;15px&#8221; header_3_letter_spacing=&#8221;1px&#8221; header_3_line_height=&#8221;1.5em&#8221; custom_margin=&#8221;|||-3px||&#8221;]<\/p>\n<h3>Phone number<\/h3>\n<p>+48 604 414 052<\/p>\n<p>[\/et_pb_text][et_pb_text _builder_version=&#8221;4.3&#8243; text_font=&#8221;|700|||||||&#8221; text_font_size=&#8221;16px&#8221; text_line_height=&#8221;1.8em&#8221; header_font=&#8221;||||||||&#8221; header_3_font=&#8221;|800||on|||||&#8221; header_3_font_size=&#8221;15px&#8221; header_3_line_height=&#8221;1.5em&#8221; custom_margin=&#8221;|||-3px||&#8221;]<\/p>\n<h3>Email<\/h3>\n<p>westiesbesties@op.pl<\/p>\n<p>[\/et_pb_text][\/et_pb_column][\/et_pb_row][\/et_pb_section]<\/p>","protected":false},"excerpt":{"rendered":"<p>[et_pb_section fb_built=&#8221;1&#8243; custom_padding_last_edited=&#8221;on|phone&#8221; admin_label=&#8221;Header&#8221; _builder_version=&#8221;3.26.1&#8243; background_color=&#8221;#efebdc&#8221; background_image=&#8221;https:\/\/westiesbesties.pl\/wp-content\/uploads\/2020\/02\/dog-walker-39.png&#8221; background_size=&#8221;contain&#8221; background_position=&#8221;bottom_center&#8221; overflow-x=&#8221;hidden&#8221; overflow-y=&#8221;hidden&#8221; custom_padding=&#8221;||0vw||false|false&#8221; custom_padding_tablet=&#8221;&#8221; custom_padding_phone=&#8221;||80px||false|false&#8221;][et_pb_row column_structure=&#8221;1_2,1_2&#8243; _builder_version=&#8221;3.26.1&#8243;][et_pb_column type=&#8221;1_2&#8243; _builder_version=&#8221;3.26&#8243;][et_pb_text _builder_version=&#8221;4.3&#8243; text_font=&#8221;Amatic SC|700|||||||&#8221; text_font_size=&#8221;25px&#8221; text_line_height=&#8221;1.8em&#8221; header_font=&#8221;Amatic SC|700|||||||&#8221; header_font_size=&#8221;130px&#8221; header_line_height=&#8221;1.2em&#8221; text_font_size_tablet=&#8221;&#8221; text_font_size_phone=&#8221;22px&#8221; text_font_size_last_edited=&#8221;on|desktop&#8221; header_font_size_tablet=&#8221;80px&#8221; header_font_size_phone=&#8221;60px&#8221; header_font_size_last_edited=&#8221;on|phone&#8221;] WZORZEC RASY Wzorzec rasy\u00a0\u2013 zesp\u00f3\u0142 cech, kt\u00f3re powinno spe\u0142nia\u0107 zwierz\u0119 hodowlane, aby mog\u0142o zosta\u0107 zaliczone do danej\u00a0rasy [\/et_pb_text][et_pb_social_media_follow _builder_version=&#8221;4.3&#8243; custom_margin=&#8221;5vw||||false|false&#8221; hover_enabled=&#8221;0&#8243; border_radii=&#8221;on|50px|50px|50px|50px&#8221; [&hellip;]<\/p>","protected":false},"author":1,"featured_media":0,"parent":0,"menu_order":0,"comment_status":"closed","ping_status":"closed","template":"","meta":{"_et_pb_use_builder":"on","_et_pb_old_content":"","_et_gb_content_width":"","footnotes":""},"class_list":["post-23","page","type-page","status-publish","hentry"],"_links":{"self":[{"href":"https:\/\/westiesbesties.pl\/en\/wp-json\/wp\/v2\/pages\/23","targetHints":{"allow":["GET"]}}],"collection":[{"href":"https:\/\/westiesbesties.pl\/en\/wp-json\/wp\/v2\/pages"}],"about":[{"href":"https:\/\/westiesbesties.pl\/en\/wp-json\/wp\/v2\/types\/page"}],"author":[{"embeddable":true,"href":"https:\/\/westiesbesties.pl\/en\/wp-json\/wp\/v2\/users\/1"}],"replies":[{"embeddable":true,"href":"https:\/\/westiesbesties.pl\/en\/wp-json\/wp\/v2\/comments?post=23"}],"version-history":[{"count":0,"href":"https:\/\/westiesbesties.pl\/en\/wp-json\/wp\/v2\/pages\/23\/revisions"}],"wp:attachment":[{"href":"https:\/\/westiesbesties.pl\/en\/wp-json\/wp\/v2\/media?parent=23"}],"curies":[{"name":"wp","href":"https:\/\/api.w.org\/{rel}","templated":true}]}}