{"id":25,"date":"2020-02-07T01:29:17","date_gmt":"2020-02-07T00:29:17","guid":{"rendered":"https:\/\/westiesbesties.pl\/?page_id=25"},"modified":"2020-02-23T02:04:51","modified_gmt":"2020-02-23T01:04:51","slug":"wystawy","status":"publish","type":"page","link":"https:\/\/westiesbesties.pl\/en\/wystawy\/","title":{"rendered":"EXHIBITIONS"},"content":{"rendered":"<p>[et_pb_section fb_built=&#8221;1&#8243; admin_label=&#8221;Header&#8221; _builder_version=&#8221;3.26.1&#8243; background_color=&#8221;#efebdc&#8221; background_image=&#8221;https:\/\/westiesbesties.pl\/wp-content\/uploads\/2020\/02\/dog-walker-10-2.png&#8221; parallax=&#8221;on&#8221; custom_padding=&#8221;||1px|||&#8221; bottom_divider_style=&#8221;waves&#8221; bottom_divider_color=&#8221;#faf9f4&#8243; bottom_divider_height=&#8221;7vw&#8221; bottom_divider_repeat=&#8221;0.7x&#8221; bottom_divider_flip=&#8221;vertical&#8221;][et_pb_row _builder_version=&#8221;3.26.1&#8243; custom_padding=&#8221;||0px|||&#8221;][et_pb_column type=&#8221;4_4&#8243; _builder_version=&#8221;3.26&#8243;][et_pb_text _builder_version=&#8221;4.3&#8243; text_font=&#8221;||||||||&#8221; text_font_size=&#8221;24px&#8221; text_line_height=&#8221;1.8em&#8221; header_font=&#8221;Amatic SC|700|||||||&#8221; header_font_size=&#8221;130px&#8221; header_line_height=&#8221;1.2em&#8221; background_color=&#8221;#efebdc&#8221; text_orientation=&#8221;center&#8221; text_font_size_tablet=&#8221;&#8221; text_font_size_phone=&#8221;22px&#8221; text_font_size_last_edited=&#8221;on|desktop&#8221; header_font_size_tablet=&#8221;80px&#8221; header_font_size_phone=&#8221;60px&#8221; header_font_size_last_edited=&#8221;on|phone&#8221;]<\/p>\n<h1>Dog shows<\/h1>\n<p>[\/et_pb_text][et_pb_post_slider include_categories=&#8221;9&#8243; more_text=&#8221;Zobacz Wi\u0119cej&#8221; excerpt_length=&#8221;100&#8243; image_placement=&#8221;top&#8221; bg_overlay_color=&#8221;rgba(0,0,0,0.75)&#8221; _builder_version=&#8221;4.3&#8243; header_font=&#8221;Amatic SC|700|||||||&#8221; header_font_size=&#8221;42px&#8221; header_line_height=&#8221;1.2em&#8221; body_font_size=&#8221;16px&#8221; body_line_height=&#8221;1.8em&#8221; meta_font=&#8221;|700||on|||||&#8221; meta_font_size=&#8221;12px&#8221; meta_letter_spacing=&#8221;1px&#8221; meta_line_height=&#8221;1.8em&#8221; custom_button=&#8221;on&#8221; button_text_size=&#8221;18px&#8221; button_text_color=&#8221;#ffffff&#8221; button_bg_color=&#8221;#ee6a5b&#8221; button_border_color=&#8221;rgba(0,0,0,0)&#8221; button_border_radius=&#8221;50px&#8221; button_font=&#8221;|700|||||||&#8221; button_icon=&#8221;%%3%%&#8221; button_custom_padding=&#8221;15px|40px|15px|40px|true|true&#8221; custom_margin=&#8221;80px||||false|false&#8221; header_font_size_tablet=&#8221;&#8221; header_font_size_phone=&#8221;30px&#8221; header_font_size_last_edited=&#8221;on|phone&#8221; border_radii=&#8221;on|40px|40px|40px|40px&#8221; box_shadow_style=&#8221;preset3&#8243; box_shadow_horizontal=&#8221;16px&#8221; box_shadow_vertical=&#8221;16px&#8221; box_shadow_blur=&#8221;48px&#8221; box_shadow_spread=&#8221;-8px&#8221; box_shadow_color=&#8221;rgba(0,0,0,0.19)&#8221;][\/et_pb_post_slider][et_pb_blog fullwidth=&#8221;off&#8221; posts_number=&#8221;6&#8243; include_categories=&#8221;all&#8221; show_author=&#8221;off&#8221; show_categories=&#8221;off&#8221; _builder_version=&#8221;4.3&#8243; header_font=&#8221;Amatic SC|700|||||||&#8221; header_font_size=&#8221;24px&#8221; header_line_height=&#8221;1.2em&#8221; body_line_height=&#8221;1.8em&#8221; meta_font=&#8221;|700||on|||||&#8221; meta_font_size=&#8221;12px&#8221; meta_letter_spacing=&#8221;1px&#8221; meta_line_height=&#8221;1.8em&#8221; pagination_font=&#8221;Amatic SC|700|||||||&#8221; pagination_text_color=&#8221;#ee6a5b&#8221; pagination_font_size=&#8221;24px&#8221; pagination_line_height=&#8221;1.2em&#8221; custom_margin=&#8221;50px||||false|false&#8221; custom_padding=&#8221;||||false|false&#8221; border_radii=&#8221;on|40px|40px|40px|40px&#8221; box_shadow_style=&#8221;preset3&#8243; box_shadow_horizontal=&#8221;16px&#8221; box_shadow_vertical=&#8221;16px&#8221; box_shadow_blur=&#8221;48px&#8221; box_shadow_spread=&#8221;-8px&#8221; box_shadow_color=&#8221;rgba(0,0,0,0.19)&#8221;][\/et_pb_blog][\/et_pb_column][\/et_pb_row][\/et_pb_section][et_pb_section fb_built=&#8221;1&#8243; next_background_color=&#8221;#f6f3ea&#8221; admin_label=&#8221;Subscribe&#8221; _builder_version=&#8221;3.26.1&#8243; background_color=&#8221;#ee6a5b&#8221; custom_padding=&#8221;12vw||12vw||true|false&#8221; top_divider_style=&#8221;waves&#8221; top_divider_color=&#8221;#faf9f4&#8243; top_divider_height=&#8221;7vw&#8221; top_divider_repeat=&#8221;0.7x&#8221; bottom_divider_style=&#8221;waves&#8221; bottom_divider_height=&#8221;10vw&#8221; bottom_divider_repeat=&#8221;0.7x&#8221; bottom_divider_flip=&#8221;horizontal|vertical&#8221;][et_pb_row _builder_version=&#8221;3.26&#8243;][et_pb_column type=&#8221;4_4&#8243; _builder_version=&#8221;3.26&#8243;][et_pb_text _builder_version=&#8221;4.3&#8243; text_font=&#8221;||||||||&#8221; text_font_size=&#8221;16px&#8221; text_line_height=&#8221;1.8em&#8221; header_font=&#8221;||||||||&#8221; header_font_size=&#8221;28px&#8221; header_2_font=&#8221;Amatic SC|700|||||||&#8221; header_2_font_size=&#8221;67px&#8221; header_2_line_height=&#8221;1.2em&#8221; text_orientation=&#8221;center&#8221; background_layout=&#8221;dark&#8221; max_width=&#8221;700px&#8221; module_alignment=&#8221;center&#8221; header_2_font_size_tablet=&#8221;60px&#8221; header_2_font_size_phone=&#8221;32px&#8221; header_2_font_size_last_edited=&#8221;on|phone&#8221;]<\/p>\n<h2>Check out our Facebook fanpage<\/h2>\n<p>We post funny videos with our dogs, travels with four-legged friends and exhibitions successes.<\/p>\n<p>[\/et_pb_text][et_pb_button button_url=&#8221;https:\/\/www.facebook.com\/Westies-Besties-Hodowla-FCI-West-Highland-White-Terrier-107409317515771\/&#8221; url_new_window=&#8221;on&#8221; button_text=&#8221;Do\u0142\u0105cz do nas ju\u017c dzisiaj!&#8221; button_alignment=&#8221;center&#8221; _builder_version=&#8221;4.3&#8243; custom_button=&#8221;on&#8221; button_text_size=&#8221;18px&#8221; button_bg_color=&#8221;#203031&#8243; button_border_color=&#8221;rgba(0,0,0,0)&#8221; button_border_radius=&#8221;50px&#8221; button_font=&#8221;|700|||||||&#8221; button_icon=&#8221;%%3%%&#8221; background_layout=&#8221;dark&#8221; custom_padding=&#8221;15px|40px|15px|40px|true|true&#8221; box_shadow_style=&#8221;preset4&#8243;][\/et_pb_button][\/et_pb_column][\/et_pb_row][\/et_pb_section][et_pb_section fb_built=&#8221;1&#8243; admin_label=&#8221;Footer&#8221; _builder_version=&#8221;3.26&#8243; background_color=&#8221;#f6f3ea&#8221; custom_padding=&#8221;||0px|||&#8221; locked=&#8221;off&#8221;][et_pb_row custom_padding_last_edited=&#8221;on|desktop&#8221; _builder_version=&#8221;3.26&#8243; background_color=&#8221;#efebdc&#8221; width=&#8221;90%&#8221; width_tablet=&#8221;95%&#8221; width_phone=&#8221;&#8221; width_last_edited=&#8221;on|desktop&#8221; max_width=&#8221;none&#8221; module_alignment=&#8221;right&#8221; overflow-x=&#8221;visible&#8221; overflow-y=&#8221;visible&#8221; custom_padding=&#8221;60px|10vw|5vw|40px|false|false&#8221; custom_padding_tablet=&#8221;|40px|||false|false&#8221; custom_padding_phone=&#8221;&#8221; border_radii=&#8221;|200px|||&#8221; border_radii_tablet=&#8221;|0px|||&#8221; border_radii_phone=&#8221;&#8221; border_radii_last_edited=&#8221;on|tablet&#8221;][et_pb_column type=&#8221;4_4&#8243; _builder_version=&#8221;3.25.3&#8243;][et_pb_text _builder_version=&#8221;4.3&#8243; text_font=&#8221;||||||||&#8221; text_font_size=&#8221;16px&#8221; text_line_height=&#8221;1.8em&#8221; header_font=&#8221;||||||||&#8221; header_2_font=&#8221;Amatic SC|700|||||||&#8221; header_2_font_size=&#8221;80px&#8221; header_2_line_height=&#8221;1.2em&#8221; text_orientation=&#8221;center&#8221; max_width=&#8221;700px&#8221; module_alignment=&#8221;center&#8221; header_2_font_size_tablet=&#8221;60px&#8221; header_2_font_size_phone=&#8221;32px&#8221; header_2_font_size_last_edited=&#8221;on|phone&#8221; locked=&#8221;off&#8221;]<\/p>\n<h2>Are you interested in buying a puppy?<\/h2>\n<p>Check out some important rules that apply when purchasing a dog.<\/p>\n<p>[\/et_pb_text][et_pb_button button_url=&#8221;https:\/\/westiesbesties.pl\/kilka-waznych-zasad&#8221; button_text=&#8221;Kilka Wa\u017cnych Zasad&#8221; button_alignment=&#8221;center&#8221; _builder_version=&#8221;4.3&#8243; custom_button=&#8221;on&#8221; button_text_size=&#8221;18px&#8221; button_bg_color=&#8221;#ee6a5b&#8221; button_border_color=&#8221;rgba(0,0,0,0)&#8221; button_border_radius=&#8221;50px&#8221; button_font=&#8221;|700|||||||&#8221; button_icon=&#8221;%%3%%&#8221; background_layout=&#8221;dark&#8221; custom_padding=&#8221;15px|40px|15px|40px|true|true&#8221;][\/et_pb_button][\/et_pb_column][\/et_pb_row][et_pb_row column_structure=&#8221;3_5,2_5&#8243; custom_padding_last_edited=&#8221;on|desktop&#8221; _builder_version=&#8221;3.26&#8243; background_color=&#8221;#efebdc&#8221; background_image=&#8221;https:\/\/westiesbesties.pl\/wp-content\/uploads\/2020\/02\/dog-walker-11.png&#8221; background_size=&#8221;contain&#8221; background_position=&#8221;bottom_center&#8221; width=&#8221;90%&#8221; width_tablet=&#8221;95%&#8221; width_phone=&#8221;&#8221; width_last_edited=&#8221;on|desktop&#8221; max_width=&#8221;none&#8221; module_alignment=&#8221;right&#8221; custom_padding=&#8221;60px|10vw|5vw|40px|false|false&#8221; custom_padding_tablet=&#8221;|40px|||false|false&#8221; custom_padding_phone=&#8221;&#8221; border_radii_tablet=&#8221;|0px|||&#8221; border_radii_last_edited=&#8221;off|tablet&#8221;][et_pb_column type=&#8221;3_5&#8243; _builder_version=&#8221;3.25.3&#8243;][et_pb_image src=&#8221;https:\/\/westiesbesties.pl\/wp-content\/uploads\/2020\/02\/69292315_1709055975893772_7771229854476795904_n.jpg&#8221; force_fullwidth=&#8221;on&#8221; _builder_version=&#8221;4.3&#8243; custom_margin=&#8221;|||-7vw|false|false&#8221; custom_margin_tablet=&#8221;&#8221; custom_margin_phone=&#8221;|||0vw|false|false&#8221; custom_margin_last_edited=&#8221;on|desktop&#8221; animation_style=&#8221;slide&#8221; animation_direction=&#8221;left&#8221; animation_intensity_slide=&#8221;5%&#8221; border_radii=&#8221;on|10px|10px|10px|10px&#8221; box_shadow_style=&#8221;preset3&#8243; box_shadow_vertical=&#8221;76px&#8221; box_shadow_blur=&#8221;68px&#8221; box_shadow_spread=&#8221;-28px&#8221; box_shadow_color=&#8221;rgba(0,0,0,0.32)&#8221;][\/et_pb_image][\/et_pb_column][et_pb_column type=&#8221;2_5&#8243; _builder_version=&#8221;3.25.3&#8243;][et_pb_text _builder_version=&#8221;4.3&#8243; text_font=&#8221;||||||||&#8221; text_font_size=&#8221;16px&#8221; text_line_height=&#8221;1.8em&#8221; header_font=&#8221;||||||||&#8221; header_3_font=&#8221;Amatic SC|700|||||||&#8221; header_3_text_color=&#8221;#ee6a5b&#8221; header_3_font_size=&#8221;40px&#8221; header_3_line_height=&#8221;1.2em&#8221; custom_margin=&#8221;60px||&#8221;]<\/p>\n<h3>Contact us<\/h3>\n<p><span>If you have any questions or would like to buy a dog, please contact us by phone or email. (For English speakers: Before calling us please write an email or private message on Facebook)<\/span><\/p>\n<p>[\/et_pb_text][et_pb_text _builder_version=&#8221;4.3&#8243; text_font=&#8221;|700|||||||&#8221; text_font_size=&#8221;16px&#8221; text_line_height=&#8221;1.8em&#8221; header_font=&#8221;||||||||&#8221; header_3_font=&#8221;|800||on|||||&#8221; header_3_font_size=&#8221;15px&#8221; header_3_letter_spacing=&#8221;1px&#8221; header_3_line_height=&#8221;1.5em&#8221; custom_margin=&#8221;|||-68px||&#8221; custom_padding=&#8221;|||69px||&#8221;]<\/p>\n<h3>Phone number<\/h3>\n<p>+48 604 414 052<\/p>\n<p>[\/et_pb_text][et_pb_text _builder_version=&#8221;4.3&#8243; text_font=&#8221;|700|||||||&#8221; text_font_size=&#8221;16px&#8221; text_line_height=&#8221;1.8em&#8221; header_font=&#8221;||||||||&#8221; header_3_font=&#8221;|800||on|||||&#8221; header_3_font_size=&#8221;15px&#8221; header_3_line_height=&#8221;1.5em&#8221; custom_margin=&#8221;|||-74px||&#8221; custom_padding=&#8221;|||72px||&#8221;]<\/p>\n<h3>Email<\/h3>\n<p>westiesbesties@op.pl<\/p>\n<p>[\/et_pb_text][\/et_pb_column][\/et_pb_row][\/et_pb_section]<\/p>","protected":false},"excerpt":{"rendered":"<p>[et_pb_section fb_built=&#8221;1&#8243; admin_label=&#8221;Header&#8221; _builder_version=&#8221;3.26.1&#8243; background_color=&#8221;#efebdc&#8221; background_image=&#8221;https:\/\/westiesbesties.pl\/wp-content\/uploads\/2020\/02\/dog-walker-10-2.png&#8221; parallax=&#8221;on&#8221; custom_padding=&#8221;||1px|||&#8221; bottom_divider_style=&#8221;waves&#8221; bottom_divider_color=&#8221;#faf9f4&#8243; bottom_divider_height=&#8221;7vw&#8221; bottom_divider_repeat=&#8221;0.7x&#8221; bottom_divider_flip=&#8221;vertical&#8221;][et_pb_row _builder_version=&#8221;3.26.1&#8243; custom_padding=&#8221;||0px|||&#8221;][et_pb_column type=&#8221;4_4&#8243; _builder_version=&#8221;3.26&#8243;][et_pb_text _builder_version=&#8221;4.3&#8243; text_font=&#8221;||||||||&#8221; text_font_size=&#8221;24px&#8221; text_line_height=&#8221;1.8em&#8221; header_font=&#8221;Amatic SC|700|||||||&#8221; header_font_size=&#8221;130px&#8221; header_line_height=&#8221;1.2em&#8221; background_color=&#8221;#efebdc&#8221; text_orientation=&#8221;center&#8221; text_font_size_tablet=&#8221;&#8221; text_font_size_phone=&#8221;22px&#8221; text_font_size_last_edited=&#8221;on|desktop&#8221; header_font_size_tablet=&#8221;80px&#8221; header_font_size_phone=&#8221;60px&#8221; header_font_size_last_edited=&#8221;on|phone&#8221;] Wystawy [\/et_pb_text][et_pb_post_slider include_categories=&#8221;9&#8243; more_text=&#8221;Zobacz Wi\u0119cej&#8221; excerpt_length=&#8221;100&#8243; image_placement=&#8221;top&#8221; bg_overlay_color=&#8221;rgba(0,0,0,0.75)&#8221; _builder_version=&#8221;4.3&#8243; header_font=&#8221;Amatic SC|700|||||||&#8221; header_font_size=&#8221;42px&#8221; header_line_height=&#8221;1.2em&#8221; body_font_size=&#8221;16px&#8221; body_line_height=&#8221;1.8em&#8221; meta_font=&#8221;|700||on|||||&#8221; meta_font_size=&#8221;12px&#8221; meta_letter_spacing=&#8221;1px&#8221; meta_line_height=&#8221;1.8em&#8221; custom_button=&#8221;on&#8221; button_text_size=&#8221;18px&#8221; button_text_color=&#8221;#ffffff&#8221; [&hellip;]<\/p>","protected":false},"author":1,"featured_media":0,"parent":0,"menu_order":0,"comment_status":"closed","ping_status":"closed","template":"","meta":{"_et_pb_use_builder":"on","_et_pb_old_content":"","_et_gb_content_width":"","footnotes":""},"class_list":["post-25","page","type-page","status-publish","hentry"],"_links":{"self":[{"href":"https:\/\/westiesbesties.pl\/en\/wp-json\/wp\/v2\/pages\/25","targetHints":{"allow":["GET"]}}],"collection":[{"href":"https:\/\/westiesbesties.pl\/en\/wp-json\/wp\/v2\/pages"}],"about":[{"href":"https:\/\/westiesbesties.pl\/en\/wp-json\/wp\/v2\/types\/page"}],"author":[{"embeddable":true,"href":"https:\/\/westiesbesties.pl\/en\/wp-json\/wp\/v2\/users\/1"}],"replies":[{"embeddable":true,"href":"https:\/\/westiesbesties.pl\/en\/wp-json\/wp\/v2\/comments?post=25"}],"version-history":[{"count":0,"href":"https:\/\/westiesbesties.pl\/en\/wp-json\/wp\/v2\/pages\/25\/revisions"}],"wp:attachment":[{"href":"https:\/\/westiesbesties.pl\/en\/wp-json\/wp\/v2\/media?parent=25"}],"curies":[{"name":"wp","href":"https:\/\/api.w.org\/{rel}","templated":true}]}}