{"id":29,"date":"2020-02-07T01:29:55","date_gmt":"2020-02-07T00:29:55","guid":{"rendered":"https:\/\/westiesbesties.pl\/?page_id=29"},"modified":"2021-04-02T01:06:05","modified_gmt":"2021-04-01T23:06:05","slug":"kilka-waznych-zasad","status":"publish","type":"page","link":"https:\/\/westiesbesties.pl\/en\/kilka-waznych-zasad\/","title":{"rendered":"A FEW IMPORTANT RULES"},"content":{"rendered":"<p>[et_pb_section fb_built=&#8221;1&#8243; admin_label=&#8221;Header&#8221; _builder_version=&#8221;3.26.1&#8243; background_color=&#8221;#efebdc&#8221; parallax=&#8221;on&#8221; overflow-x=&#8221;hidden&#8221; overflow-y=&#8221;hidden&#8221; background_last_edited=&#8221;off|desktop&#8221; parallax_tablet=&#8221;off&#8221;][et_pb_row _builder_version=&#8221;3.26&#8243; custom_margin_tablet=&#8221;||-10vw||false|false&#8221; custom_margin_phone=&#8221;&#8221; custom_margin_last_edited=&#8221;on|desktop&#8221;][et_pb_column type=&#8221;4_4&#8243; _builder_version=&#8221;3.25.4&#8243; custom_padding=&#8221;5vw||&#8221;][et_pb_text _builder_version=&#8221;4.3&#8243; text_font=&#8221;||||||||&#8221; text_font_size=&#8221;24px&#8221; text_line_height=&#8221;1.8em&#8221; header_font=&#8221;Amatic SC|700|||||||&#8221; header_font_size=&#8221;130px&#8221; header_line_height=&#8221;1.2em&#8221; text_font_size_tablet=&#8221;&#8221; text_font_size_phone=&#8221;22px&#8221; text_font_size_last_edited=&#8221;on|desktop&#8221; header_font_size_tablet=&#8221;80px&#8221; header_font_size_phone=&#8221;60px&#8221; header_font_size_last_edited=&#8221;on|phone&#8221; background_color_tablet=&#8221;#efebdc&#8221; background_last_edited=&#8221;on|tablet&#8221; background_enable_color_tablet=&#8221;on&#8221;]<\/p>\n<h1>A Few Importand Rules<\/h1>\n<p>[\/et_pb_text][\/et_pb_column][\/et_pb_row][\/et_pb_section][et_pb_section fb_built=&#8221;1&#8243; admin_label=&#8221;How it Works&#8221; _builder_version=&#8221;3.25.4&#8243; background_color=&#8221;#efebdc&#8221; background_size=&#8221;contain&#8221; background_position=&#8221;bottom_center&#8221; custom_padding=&#8221;||0px|||&#8221;][et_pb_row column_structure=&#8221;2_5,3_5&#8243; use_custom_gutter=&#8221;on&#8221; gutter_width=&#8221;4&#8243; _builder_version=&#8221;3.26.1&#8243; custom_margin_tablet=&#8221;0px||0px||false&#8221; custom_margin_last_edited=&#8221;off|desktop&#8221;][et_pb_column type=&#8221;2_5&#8243; _builder_version=&#8221;3.26.1&#8243;][\/et_pb_column][et_pb_column type=&#8221;3_5&#8243; _builder_version=&#8221;3.26.1&#8243; custom_padding=&#8221;0px|||&#8221; border_color_all=&#8221;rgba(0,0,0,0.12)&#8221; border_style_all=&#8221;dashed&#8221; border_width_left=&#8221;2px&#8221; custom_padding__hover=&#8221;|||&#8221;][et_pb_blurb title=&#8221;Zaliczka&#8221; use_icon=&#8221;on&#8221; font_icon=&#8221;%%156%%&#8221; icon_color=&#8221;#ffffff&#8221; use_circle=&#8221;on&#8221; circle_color=&#8221;#000000&#8243; icon_placement=&#8221;left&#8221; content_max_width=&#8221;100%&#8221; use_icon_font_size=&#8221;on&#8221; icon_font_size=&#8221;48px&#8221; _builder_version=&#8221;4.3&#8243; header_font=&#8221;Amatic SC|700|||||||&#8221; header_text_color=&#8221;#ee6a5b&#8221; header_font_size=&#8221;40px&#8221; header_line_height=&#8221;1.2em&#8221; body_font=&#8221;||||||||&#8221; body_font_size=&#8221;16px&#8221; body_line_height=&#8221;1.8em&#8221; text_orientation=&#8221;center&#8221; custom_margin=&#8221;||0px|-38px|false|false&#8221; custom_margin_tablet=&#8221;0px|||&#8221; custom_margin_last_edited=&#8221;off|tablet&#8221; animation_style=&#8221;slide&#8221; animation_direction=&#8221;left&#8221; animation_intensity_slide=&#8221;5%&#8221; animation=&#8221;off&#8221;]<\/p>\n<p class=\"western\" align=\"JUSTIFY\"><span>If you are interested in buying puppies from my kennel, I would like to inform you about the rules for accepting orders:<\/span><\/p>\n<p class=\"western\" align=\"JUSTIFY\"><span>when you are interested in purchasing puppies you should contact us by email or phone. Please tell us what gender you are looking for and any of your comments<\/span><\/p>\n<ul>\n<li>\n<p class=\"western\" align=\"JUSTIFY\"><span>After the puppies are born, the breeder will confirm the buyer's prior reservation to the e-maill address or by phone with additional information.<\/span><\/p>\n<\/li>\n<li>\n<p class=\"western\" align=\"JUSTIFY\"><span>In the case of more orders than the number of puppies born, the conclusion of the contract is determined by the order in which the advance payments are made to the account.<\/span><\/p>\n<\/li>\n<li>\n<p class=\"western\" align=\"JUSTIFY\"><span>Zaliczka wynosi: 2.000,00 z\u0142 i jest p\u0142atny na wskazane przez hodowc\u0119 konto.<\/span><\/p>\n<\/li>\n<li>\n<p class=\"western\" align=\"JUSTIFY\"><span>Wp\u0142ata zaliczki jest faktem zawarcia umowy kupna i jest wi\u0105\u017c\u0105ca dla obu stron.<\/span><\/p>\n<\/li>\n<li>\n<p class=\"western\" align=\"JUSTIFY\"><span>After the conclusion of the contract (advance payment), the breeder undertakes to sell the ordered puppy in accordance with the general conditions set out in the regulations of the Kennel Club in Poland.<\/span><\/p>\n<\/li>\n<\/ul>\n<p>[\/et_pb_blurb][et_pb_button button_url=&#8221;https:\/\/westiesbesties.pl\/kontakt&#8221; url_new_window=&#8221;on&#8221; button_text=&#8221;Wy\u015blij Zapytanie&#8221; button_alignment=&#8221;right&#8221; _builder_version=&#8221;4.3&#8243; custom_button=&#8221;on&#8221; button_text_size=&#8221;24px&#8221; button_text_color=&#8221;#000000&#8243; button_bg_color=&#8221;rgba(0,0,0,0)&#8221; button_border_color=&#8221;rgba(0,0,0,0)&#8221; button_border_radius=&#8221;0px&#8221; button_font=&#8221;Amatic SC|700|||||||&#8221; button_icon=&#8221;%%3%%&#8221; background_layout=&#8221;dark&#8221; custom_padding=&#8221;|0px|2px|0px||true&#8221; box_shadow_style=&#8221;preset4&#8243; box_shadow_horizontal=&#8221;0px&#8221; box_shadow_vertical=&#8221;2px&#8221; locked=&#8221;off&#8221;][\/et_pb_button][et_pb_blurb title=&#8221;Nasze Psy&#8221; use_icon=&#8221;on&#8221; font_icon=&#8221;%%209%%&#8221; icon_color=&#8221;#ffffff&#8221; use_circle=&#8221;on&#8221; circle_color=&#8221;#000000&#8243; icon_placement=&#8221;left&#8221; content_max_width=&#8221;100%&#8221; use_icon_font_size=&#8221;on&#8221; icon_font_size=&#8221;48px&#8221; _builder_version=&#8221;4.3&#8243; header_font=&#8221;Amatic SC|700|||||||&#8221; header_text_color=&#8221;#ee6a5b&#8221; header_font_size=&#8221;40px&#8221; header_line_height=&#8221;1.2em&#8221; body_font=&#8221;||||||||&#8221; body_font_size=&#8221;16px&#8221; body_line_height=&#8221;1.8em&#8221; text_orientation=&#8221;center&#8221; custom_margin=&#8221;||0px|-38px|false|false&#8221; custom_margin_tablet=&#8221;0px|||&#8221; custom_margin_last_edited=&#8221;off|tablet&#8221; animation_style=&#8221;slide&#8221; animation_direction=&#8221;left&#8221; animation_intensity_slide=&#8221;5%&#8221; animation=&#8221;off&#8221; locked=&#8221;off&#8221;]<\/p>\n<ul>\n<li>\n<p class=\"western\" align=\"JUSTIFY\"><span>We only sell pedigree, healthy puppies, tagged with a chip \/ tattoo, birth certificate with breeding documentation (health book).<\/span><\/p>\n<\/li>\n<li>\n<p class=\"western\" align=\"JUSTIFY\"><span>Pedigree is a guarantee of the Breed's purity, and thus ensures proper dog structure, appropriate temperament and beautiful appearance.\u00a0<\/span><\/p>\n<\/li>\n<\/ul>\n<p>[\/et_pb_blurb][et_pb_button button_url=&#8221;https:\/\/westiesbesties.pl\/kontakt&#8221; url_new_window=&#8221;on&#8221; button_text=&#8221;Wy\u015blij Zapytanie&#8221; button_alignment=&#8221;right&#8221; _builder_version=&#8221;4.3&#8243; custom_button=&#8221;on&#8221; button_text_size=&#8221;24px&#8221; button_text_color=&#8221;#000000&#8243; button_bg_color=&#8221;rgba(0,0,0,0)&#8221; button_border_color=&#8221;rgba(0,0,0,0)&#8221; button_border_radius=&#8221;0px&#8221; button_font=&#8221;Amatic SC|700|||||||&#8221; button_icon=&#8221;%%3%%&#8221; background_layout=&#8221;dark&#8221; custom_padding=&#8221;|0px|2px|0px||true&#8221; box_shadow_style=&#8221;preset4&#8243; box_shadow_horizontal=&#8221;0px&#8221; box_shadow_vertical=&#8221;2px&#8221; locked=&#8221;off&#8221;][\/et_pb_button][et_pb_blurb title=&#8221;Dlaczego My?&#8221; use_icon=&#8221;on&#8221; font_icon=&#8221;%%257%%&#8221; icon_color=&#8221;#ffffff&#8221; use_circle=&#8221;on&#8221; circle_color=&#8221;#000000&#8243; icon_placement=&#8221;left&#8221; content_max_width=&#8221;100%&#8221; use_icon_font_size=&#8221;on&#8221; icon_font_size=&#8221;48px&#8221; _builder_version=&#8221;4.3&#8243; header_font=&#8221;Amatic SC|700|||||||&#8221; header_text_color=&#8221;#ee6a5b&#8221; header_font_size=&#8221;40px&#8221; header_line_height=&#8221;1.2em&#8221; body_font=&#8221;||||||||&#8221; body_font_size=&#8221;16px&#8221; body_line_height=&#8221;1.8em&#8221; text_orientation=&#8221;center&#8221; custom_margin=&#8221;||0px|-38px|false|false&#8221; custom_margin_tablet=&#8221;0px|||&#8221; custom_margin_last_edited=&#8221;off|tablet&#8221; animation_style=&#8221;slide&#8221; animation_direction=&#8221;left&#8221; animation_intensity_slide=&#8221;5%&#8221; animation=&#8221;off&#8221; locked=&#8221;off&#8221;]<\/p>\n<ul>\n<li>\n<p class=\"western\" align=\"JUSTIFY\"><span>Puppies from my kennel are dewormed three times before.<\/span><strong><span>\u00a0dewormed and vaccinated twice\u00a0<\/span><\/strong><span>(we introduced an early vaccination system to minimize the risk of infection in new homes during quarantine).<\/span><\/p>\n<\/li>\n<li>\n<p class=\"western\" align=\"JUSTIFY\"><span>Our puppies spend their puppy's childhood\u00a0<\/span><strong><span>with our children<\/span><\/strong><span>they are cuddled, they are carefully\u00a0<\/span><strong><span>raised, well cared for<\/span><\/strong><span>\u00a0and their behavior is appropriate\u00a0<\/span><strong><span>Their are also raised in the home athmosfere because\u00a0<\/span><\/strong><span>we are opponents of pens breeding. Our kennel is different because we provide excellent conditions for socialization.<\/span><\/p>\n<\/li>\n<li>\n<p class=\"western\" align=\"JUSTIFY\"><span>Each puppy receives a layette (feed starter, blanket, toy).<\/span><\/p>\n<\/li>\n<\/ul>\n<p>[\/et_pb_blurb][et_pb_button button_url=&#8221;https:\/\/westiesbesties.pl\/kontakt&#8221; url_new_window=&#8221;on&#8221; button_text=&#8221;Wy\u015blij Zapytanie&#8221; button_alignment=&#8221;right&#8221; _builder_version=&#8221;4.3&#8243; custom_button=&#8221;on&#8221; button_text_size=&#8221;24px&#8221; button_text_color=&#8221;#000000&#8243; button_bg_color=&#8221;rgba(0,0,0,0)&#8221; button_border_color=&#8221;rgba(0,0,0,0)&#8221; button_border_radius=&#8221;0px&#8221; button_font=&#8221;Amatic SC|700|||||||&#8221; button_icon=&#8221;%%3%%&#8221; background_layout=&#8221;dark&#8221; custom_padding=&#8221;|0px|2px|0px||true&#8221; box_shadow_style=&#8221;preset4&#8243; box_shadow_horizontal=&#8221;0px&#8221; box_shadow_vertical=&#8221;2px&#8221; locked=&#8221;off&#8221;][\/et_pb_button][\/et_pb_column][\/et_pb_row][\/et_pb_section][et_pb_section fb_built=&#8221;1&#8243; admin_label=&#8221;About&#8221; _builder_version=&#8221;3.26.1&#8243; background_enable_color=&#8221;off&#8221; use_background_color_gradient=&#8221;on&#8221; background_color_gradient_start=&#8221;#efebdc&#8221; background_color_gradient_end=&#8221;#f6f3ea&#8221; background_size=&#8221;contain&#8221; background_position=&#8221;bottom_center&#8221;][et_pb_row custom_padding_last_edited=&#8221;on|desktop&#8221; _builder_version=&#8221;3.26.1&#8243; background_color=&#8221;#ffffff&#8221; width_tablet=&#8221;&#8221; width_phone=&#8221;90%&#8221; width_last_edited=&#8221;on|desktop&#8221; overflow-x=&#8221;visible&#8221; overflow-y=&#8221;visible&#8221; custom_padding=&#8221;60px|40px|60px|40px|true|true&#8221; custom_padding_tablet=&#8221;&#8221; custom_padding_phone=&#8221;|30px||30px|false|true&#8221; border_radii=&#8221;on|40px|40px|40px|40px&#8221; box_shadow_style=&#8221;preset3&#8243; box_shadow_horizontal=&#8221;16px&#8221; box_shadow_vertical=&#8221;16px&#8221; box_shadow_blur=&#8221;48px&#8221; box_shadow_spread=&#8221;-8px&#8221; box_shadow_color=&#8221;rgba(0,0,0,0.19)&#8221; locked=&#8221;off&#8221;][et_pb_column type=&#8221;4_4&#8243; _builder_version=&#8221;3.25.3&#8243;][et_pb_text _builder_version=&#8221;4.3&#8243; text_font=&#8221;||||||||&#8221; text_font_size=&#8221;15px&#8221; text_line_height=&#8221;2em&#8221; header_font=&#8221;||||||||&#8221; header_2_font=&#8221;Amatic SC|700|||||||&#8221; header_2_font_size=&#8221;42px&#8221; header_2_line_height=&#8221;1.2em&#8221; text_orientation=&#8221;center&#8221; module_alignment=&#8221;center&#8221; text_font_size_tablet=&#8221;&#8221; text_font_size_phone=&#8221;16px&#8221; text_font_size_last_edited=&#8221;on|desktop&#8221; header_2_font_size_tablet=&#8221;&#8221; header_2_font_size_phone=&#8221;32px&#8221; header_2_font_size_last_edited=&#8221;on|desktop&#8221;]<\/p>\n<h2>Rules<\/h2>\n<p align=\"JUSTIFY\"><strong><span>ZALICZKA NIE PODLEGA ZWROTOWI ! *<\/span><\/strong><\/p>\n<p align=\"JUSTIFY\"><span>\u00a0*Jedynie w przypadkach losowych wynik\u0142ych nie z winy hodowcy ( np. ma\u0142o liczny miot, brak szczeni\u0119cia wybranej p\u0142ci itp.) zaliczka zostaje zwr\u00f3cony w ca\u0142o\u015bci (tzn. 100% kwoty wp\u0142aconej przez kupuj\u0105cego)<\/span><span>\u00a0<\/span><\/p>\n<p align=\"CENTER\"><span>I am asking for serious decisions.<\/span><\/p>\n<p align=\"CENTER\"><span>A dog is a family member and must be treated as such \ud83d\ude42<\/span><\/p>\n<p align=\"CENTER\"><span>We do not sell puppies to the outside shacks! \u00a0<\/span><span>\u00a0<\/span><\/p>\n<p align=\"JUSTIFY\"><span>The collection of puppies takes place after the age of 9 weeks - according to the ZKWP regulations<\/span><\/p>\n<p>You can order the appropriate food with our help by prior arrangement.<\/p>\n<p>FOR FUTURE OWNERS<\/p>\n<ul>\n<li>\n<p align=\"JUSTIFY\"><span>current photos of the selected puppy and his current weight<br \/> I will send every few days until pick up of the selected puppy, using the chosen communication channel,<\/span><\/p>\n<\/li>\n<li>\n<p align=\"JUSTIFY\"><span>for those wishing to experience the development of a selected puppy together, it is possible to view puppies on-line via Skype or other available instant messenger.<\/span><\/p>\n<p>Photos will also appear on our website\u00a0<a href=\"https:\/\/westiesbesties.pl\/en\/\" target=\"_blank\" rel=\"noopener noreferrer\">www.westiesbesties.pl<\/a><\/p>\n<\/li>\n<\/ul>\n<p>[\/et_pb_text][\/et_pb_column][\/et_pb_row][\/et_pb_section][et_pb_section fb_built=&#8221;1&#8243; admin_label=&#8221;Footer&#8221; _builder_version=&#8221;3.26&#8243; background_color=&#8221;#f6f3ea&#8221; custom_padding=&#8221;||0px|||&#8221;][et_pb_row custom_padding_last_edited=&#8221;on|desktop&#8221; _builder_version=&#8221;3.26&#8243; background_color=&#8221;#efebdc&#8221; width=&#8221;90%&#8221; width_tablet=&#8221;95%&#8221; width_phone=&#8221;&#8221; width_last_edited=&#8221;on|desktop&#8221; max_width=&#8221;none&#8221; module_alignment=&#8221;right&#8221; overflow-x=&#8221;visible&#8221; overflow-y=&#8221;visible&#8221; custom_padding=&#8221;60px|10vw|5vw|40px|false|false&#8221; custom_padding_tablet=&#8221;|40px|||false|false&#8221; custom_padding_phone=&#8221;&#8221; border_radii=&#8221;|200px|||&#8221; border_radii_tablet=&#8221;|0px|||&#8221; border_radii_phone=&#8221;&#8221; border_radii_last_edited=&#8221;on|tablet&#8221;][et_pb_column type=&#8221;4_4&#8243; _builder_version=&#8221;3.25.3&#8243;][et_pb_text _builder_version=&#8221;4.3&#8243; text_font=&#8221;||||||||&#8221; text_font_size=&#8221;16px&#8221; text_line_height=&#8221;1.8em&#8221; header_font=&#8221;||||||||&#8221; header_2_font=&#8221;Amatic SC|700|||||||&#8221; header_2_font_size=&#8221;80px&#8221; header_2_line_height=&#8221;1.2em&#8221; text_orientation=&#8221;center&#8221; max_width=&#8221;700px&#8221; module_alignment=&#8221;center&#8221; header_2_font_size_tablet=&#8221;60px&#8221; header_2_font_size_phone=&#8221;32px&#8221; header_2_font_size_last_edited=&#8221;on|phone&#8221; locked=&#8221;off&#8221;]<\/p>\n<h2>Do you have a question?<\/h2>\n<p>[\/et_pb_text][et_pb_button button_text=&#8221;Kontakt&#8221; button_alignment=&#8221;center&#8221; _builder_version=&#8221;4.3&#8243; custom_button=&#8221;on&#8221; button_text_size=&#8221;18px&#8221; button_bg_color=&#8221;#ee6a5b&#8221; button_border_color=&#8221;rgba(0,0,0,0)&#8221; button_border_radius=&#8221;50px&#8221; button_font=&#8221;|700|||||||&#8221; button_icon=&#8221;%%3%%&#8221; background_layout=&#8221;dark&#8221; custom_padding=&#8221;15px|40px|15px|40px|true|true&#8221;][\/et_pb_button][\/et_pb_column][\/et_pb_row][et_pb_row column_structure=&#8221;3_5,2_5&#8243; custom_padding_last_edited=&#8221;on|desktop&#8221; _builder_version=&#8221;3.26&#8243; background_color=&#8221;#efebdc&#8221; background_image=&#8221;https:\/\/westiesbesties.pl\/wp-content\/uploads\/2020\/02\/dog-walker-11.png&#8221; background_size=&#8221;contain&#8221; background_position=&#8221;bottom_center&#8221; width=&#8221;90%&#8221; width_tablet=&#8221;95%&#8221; width_phone=&#8221;&#8221; width_last_edited=&#8221;on|desktop&#8221; max_width=&#8221;none&#8221; module_alignment=&#8221;right&#8221; custom_padding=&#8221;60px|10vw|5vw|40px|false|false&#8221; custom_padding_tablet=&#8221;|40px|||false|false&#8221; custom_padding_phone=&#8221;&#8221; border_radii_tablet=&#8221;|0px|||&#8221; border_radii_last_edited=&#8221;off|tablet&#8221;][et_pb_column type=&#8221;3_5&#8243; _builder_version=&#8221;3.25.3&#8243;][et_pb_image src=&#8221;https:\/\/westiesbesties.pl\/wp-content\/uploads\/2020\/02\/IMG_2218-scaled.jpg&#8221; force_fullwidth=&#8221;on&#8221; _builder_version=&#8221;4.3&#8243; custom_margin=&#8221;|||-7vw|false|false&#8221; custom_margin_tablet=&#8221;&#8221; custom_margin_phone=&#8221;|||0vw|false|false&#8221; custom_margin_last_edited=&#8221;on|desktop&#8221; animation_style=&#8221;slide&#8221; animation_direction=&#8221;left&#8221; animation_intensity_slide=&#8221;5%&#8221; border_radii=&#8221;on|10px|10px|10px|10px&#8221; box_shadow_style=&#8221;preset3&#8243; box_shadow_vertical=&#8221;76px&#8221; box_shadow_blur=&#8221;68px&#8221; box_shadow_spread=&#8221;-28px&#8221; box_shadow_color=&#8221;rgba(0,0,0,0.32)&#8221;][\/et_pb_image][\/et_pb_column][et_pb_column type=&#8221;2_5&#8243; _builder_version=&#8221;3.25.3&#8243;][et_pb_text _builder_version=&#8221;4.3&#8243; text_font=&#8221;||||||||&#8221; text_font_size=&#8221;15px&#8221; text_line_height=&#8221;1.8em&#8221; header_font=&#8221;||||||||&#8221; header_3_font=&#8221;Amatic SC|700|||||||&#8221; header_3_text_color=&#8221;#ee6a5b&#8221; header_3_font_size=&#8221;40px&#8221; header_3_line_height=&#8221;1.2em&#8221; transform_translate_linked=&#8221;off&#8221; custom_margin=&#8221;60px||&#8221; custom_padding=&#8221;|29px||||&#8221;]<\/p>\n<h3>Contact us\u00a0<\/h3>\n<p>If you have any questions or would like to buy a dog, please contact us by phone or email. (For English speakers: Before calling us please write an email or private message on Facebook)<\/p>\n<p>[\/et_pb_text][et_pb_text _builder_version=&#8221;4.3&#8243; text_font=&#8221;|700|||||||&#8221; text_font_size=&#8221;16px&#8221; text_line_height=&#8221;1.8em&#8221; header_font=&#8221;||||||||&#8221; header_3_font=&#8221;|800||on|||||&#8221; header_3_font_size=&#8221;15px&#8221; header_3_letter_spacing=&#8221;1px&#8221; header_3_line_height=&#8221;1.5em&#8221; custom_margin=&#8221;|||-4px||&#8221;]<\/p>\n<h3>Phone number<\/h3>\n<p>+48 604 414 052<\/p>\n<p>[\/et_pb_text][et_pb_text _builder_version=&#8221;4.3&#8243; text_font=&#8221;|700|||||||&#8221; text_font_size=&#8221;16px&#8221; text_line_height=&#8221;1.8em&#8221; header_font=&#8221;||||||||&#8221; header_3_font=&#8221;|800||on|||||&#8221; header_3_font_size=&#8221;15px&#8221; header_3_line_height=&#8221;1.5em&#8221; custom_margin=&#8221;|||-74px||&#8221; custom_padding=&#8221;|||70px||&#8221;]<\/p>\n<h3>Email<\/h3>\n<p>westiesbesties@op.pl<\/p>\n<p>[\/et_pb_text][\/et_pb_column][\/et_pb_row][\/et_pb_section]<\/p>","protected":false},"excerpt":{"rendered":"<p>[et_pb_section fb_built=&#8221;1&#8243; admin_label=&#8221;Header&#8221; _builder_version=&#8221;3.26.1&#8243; background_color=&#8221;#efebdc&#8221; parallax=&#8221;on&#8221; overflow-x=&#8221;hidden&#8221; overflow-y=&#8221;hidden&#8221; background_last_edited=&#8221;off|desktop&#8221; parallax_tablet=&#8221;off&#8221;][et_pb_row _builder_version=&#8221;3.26&#8243; custom_margin_tablet=&#8221;||-10vw||false|false&#8221; custom_margin_phone=&#8221;&#8221; custom_margin_last_edited=&#8221;on|desktop&#8221;][et_pb_column type=&#8221;4_4&#8243; _builder_version=&#8221;3.25.4&#8243; custom_padding=&#8221;5vw||&#8221;][et_pb_text _builder_version=&#8221;4.3&#8243; text_font=&#8221;||||||||&#8221; text_font_size=&#8221;24px&#8221; text_line_height=&#8221;1.8em&#8221; header_font=&#8221;Amatic SC|700|||||||&#8221; header_font_size=&#8221;130px&#8221; header_line_height=&#8221;1.2em&#8221; text_font_size_tablet=&#8221;&#8221; text_font_size_phone=&#8221;22px&#8221; text_font_size_last_edited=&#8221;on|desktop&#8221; header_font_size_tablet=&#8221;80px&#8221; header_font_size_phone=&#8221;60px&#8221; header_font_size_last_edited=&#8221;on|phone&#8221; background_color_tablet=&#8221;#efebdc&#8221; background_last_edited=&#8221;on|tablet&#8221; background_enable_color_tablet=&#8221;on&#8221;] Kilka Wa\u017cnych Zasad [\/et_pb_text][\/et_pb_column][\/et_pb_row][\/et_pb_section][et_pb_section fb_built=&#8221;1&#8243; admin_label=&#8221;How it Works&#8221; _builder_version=&#8221;3.25.4&#8243; background_color=&#8221;#efebdc&#8221; background_size=&#8221;contain&#8221; background_position=&#8221;bottom_center&#8221; custom_padding=&#8221;||0px|||&#8221;][et_pb_row column_structure=&#8221;2_5,3_5&#8243; use_custom_gutter=&#8221;on&#8221; gutter_width=&#8221;4&#8243; _builder_version=&#8221;3.26.1&#8243; custom_margin_tablet=&#8221;0px||0px||false&#8221; custom_margin_last_edited=&#8221;off|desktop&#8221;][et_pb_column type=&#8221;2_5&#8243; _builder_version=&#8221;3.26.1&#8243;][\/et_pb_column][et_pb_column [&hellip;]<\/p>","protected":false},"author":1,"featured_media":0,"parent":0,"menu_order":0,"comment_status":"closed","ping_status":"closed","template":"","meta":{"_et_pb_use_builder":"on","_et_pb_old_content":"","_et_gb_content_width":"","footnotes":""},"class_list":["post-29","page","type-page","status-publish","hentry"],"_links":{"self":[{"href":"https:\/\/westiesbesties.pl\/en\/wp-json\/wp\/v2\/pages\/29","targetHints":{"allow":["GET"]}}],"collection":[{"href":"https:\/\/westiesbesties.pl\/en\/wp-json\/wp\/v2\/pages"}],"about":[{"href":"https:\/\/westiesbesties.pl\/en\/wp-json\/wp\/v2\/types\/page"}],"author":[{"embeddable":true,"href":"https:\/\/westiesbesties.pl\/en\/wp-json\/wp\/v2\/users\/1"}],"replies":[{"embeddable":true,"href":"https:\/\/westiesbesties.pl\/en\/wp-json\/wp\/v2\/comments?post=29"}],"version-history":[{"count":0,"href":"https:\/\/westiesbesties.pl\/en\/wp-json\/wp\/v2\/pages\/29\/revisions"}],"wp:attachment":[{"href":"https:\/\/westiesbesties.pl\/en\/wp-json\/wp\/v2\/media?parent=29"}],"curies":[{"name":"wp","href":"https:\/\/api.w.org\/{rel}","templated":true}]}}